{"id":611,"date":"2025-03-09T14:56:28","date_gmt":"2025-03-09T13:56:28","guid":{"rendered":"https:\/\/marognole.it\/landwirtschaftliche-produktionen\/"},"modified":"2025-03-29T10:46:05","modified_gmt":"2025-03-29T09:46:05","slug":"landwirtschaftliche-produktionen","status":"publish","type":"page","link":"https:\/\/marognole.it\/de\/landwirtschaftliche-produktionen\/","title":{"rendered":"Landwirtschaftliche Produktionen"},"content":{"rendered":"\t\t<div data-elementor-type=\"wp-page\" data-elementor-id=\"611\" class=\"elementor elementor-611 elementor-295\" data-elementor-post-type=\"page\">\n\t\t\t\t<div class=\"elementor-element elementor-element-67f75f2 e-flex e-con-boxed e-con e-parent\" data-id=\"67f75f2\" data-element_type=\"container\" data-e-type=\"container\" data-settings=\"{&quot;background_background&quot;:&quot;video&quot;,&quot;background_video_link&quot;:&quot;https:\\\/\\\/youtu.be\\\/uQ5jRPSgThY&quot;,&quot;background_privacy_mode&quot;:&quot;yes&quot;,&quot;background_play_on_mobile&quot;:&quot;yes&quot;}\">\n\t\t\t\t\t<div class=\"e-con-inner\">\n\t\t<div class=\"elementor-background-video-container\">\n\t\t\t\t\t\t\t<div class=\"elementor-background-video-embed\" role=\"presentation\"><\/div>\n\t\t\t\t\t\t<\/div>\t\t<div class=\"elementor-element elementor-element-0a0d943 elementor-widget elementor-widget-heading\" data-id=\"0a0d943\" data-element_type=\"widget\" data-e-type=\"widget\" data-widget_type=\"heading.default\">\n\t\t\t\t<div class=\"elementor-widget-container\">\n\t\t\t\t\t<h2 class=\"elementor-heading-title elementor-size-default\">Unsere landwirtschaftliche Produktion<\/h2>\t\t\t\t<\/div>\n\t\t\t\t<\/div>\n\t\t\t\t\t<\/div>\n\t\t\t\t<\/div>\n\t\t<div class=\"elementor-element elementor-element-50c3cfe e-flex e-con-boxed e-con e-parent\" data-id=\"50c3cfe\" data-element_type=\"container\" data-e-type=\"container\">\n\t\t\t\t\t<div class=\"e-con-inner\">\n\t\t\t\t<div class=\"elementor-element elementor-element-1a62e4a elementor-widget elementor-widget-text-editor\" data-id=\"1a62e4a\" data-element_type=\"widget\" data-e-type=\"widget\" data-widget_type=\"text-editor.default\">\n\t\t\t\t<div class=\"elementor-widget-container\">\n\t\t\t\t\t\t\t\t\t<p>Willkommen auf unserem Bauernhof, wo die Leidenschaft f\u00fcr das Land mit einem Fokus auf Qualit\u00e4t und Authentizit\u00e4t kombiniert wird.<\/p><p>Unser Bauernhof baut mit Leidenschaft und Respekt vor der Natur Gem\u00fcse an und folgt dabei dem Rhythmus der Jahreszeiten.<\/p><p>Unter den Produktionen, die Sie in unserem Shop finden, sind:<\/p>\t\t\t\t\t\t\t\t<\/div>\n\t\t\t\t<\/div>\n\t\t\t\t\t<\/div>\n\t\t\t\t<\/div>\n\t\t<div class=\"elementor-element elementor-element-2dafb15 e-flex e-con-boxed e-con e-parent\" data-id=\"2dafb15\" data-element_type=\"container\" data-e-type=\"container\">\n\t\t\t\t\t<div class=\"e-con-inner\">\n\t\t\t\t<div class=\"elementor-element elementor-element-db8b57d elementor-position-left elementor-vertical-align-middle elementor-widget elementor-widget-image-box\" data-id=\"db8b57d\" data-element_type=\"widget\" data-e-type=\"widget\" data-widget_type=\"image-box.default\">\n\t\t\t\t<div class=\"elementor-widget-container\">\n\t\t\t\t\t<div class=\"elementor-image-box-wrapper\"><figure class=\"elementor-image-box-img\"><img fetchpriority=\"high\" decoding=\"async\" width=\"764\" height=\"995\" src=\"https:\/\/marognole.it\/wp-content\/uploads\/2025\/03\/IMG_7955.jpg\" class=\"attachment-full size-full wp-image-636\" alt=\"\" srcset=\"https:\/\/marognole.it\/wp-content\/uploads\/2025\/03\/IMG_7955.jpg 764w, https:\/\/marognole.it\/wp-content\/uploads\/2025\/03\/IMG_7955-230x300.jpg 230w\" sizes=\"(max-width: 764px) 100vw, 764px\" \/><\/figure><div class=\"elementor-image-box-content\"><p class=\"elementor-image-box-description\">Auf unseren Feldern bauen wir Mais, Gerste und Weizen an, Getreidearten, die f\u00fcr die lokale landwirtschaftliche Tradition von grundlegender Bedeutung sind.<\/p><\/div><\/div>\t\t\t\t<\/div>\n\t\t\t\t<\/div>\n\t\t\t\t<div class=\"elementor-element elementor-element-cea5123 elementor-position-right elementor-vertical-align-middle elementor-widget elementor-widget-image-box\" data-id=\"cea5123\" data-element_type=\"widget\" data-e-type=\"widget\" data-widget_type=\"image-box.default\">\n\t\t\t\t<div class=\"elementor-widget-container\">\n\t\t\t\t\t<div class=\"elementor-image-box-wrapper\"><figure class=\"elementor-image-box-img\"><img decoding=\"async\" width=\"1133\" height=\"836\" src=\"https:\/\/marognole.it\/wp-content\/uploads\/2025\/03\/Foto-19-03-25-06-05-14.jpg\" class=\"attachment-full size-full wp-image-853\" alt=\"\" srcset=\"https:\/\/marognole.it\/wp-content\/uploads\/2025\/03\/Foto-19-03-25-06-05-14.jpg 1133w, https:\/\/marognole.it\/wp-content\/uploads\/2025\/03\/Foto-19-03-25-06-05-14-300x221.jpg 300w, https:\/\/marognole.it\/wp-content\/uploads\/2025\/03\/Foto-19-03-25-06-05-14-1024x756.jpg 1024w, https:\/\/marognole.it\/wp-content\/uploads\/2025\/03\/Foto-19-03-25-06-05-14-768x567.jpg 768w\" sizes=\"(max-width: 1133px) 100vw, 1133px\" \/><\/figure><div class=\"elementor-image-box-content\"><p class=\"elementor-image-box-description\">Wir bauen Trauben f\u00fcr die Herstellung des Bardolino DOC an. Ein Wein mit frischem und fruchtigem Charakter, ein authentischer Ausdruck unseres Gebiets.   <\/p><\/div><\/div>\t\t\t\t<\/div>\n\t\t\t\t<\/div>\n\t\t\t\t<div class=\"elementor-element elementor-element-936595b elementor-position-left elementor-vertical-align-middle elementor-widget elementor-widget-image-box\" data-id=\"936595b\" data-element_type=\"widget\" data-e-type=\"widget\" data-widget_type=\"image-box.default\">\n\t\t\t\t<div class=\"elementor-widget-container\">\n\t\t\t\t\t<div class=\"elementor-image-box-wrapper\"><figure class=\"elementor-image-box-img\"><img decoding=\"async\" width=\"1920\" height=\"2560\" src=\"https:\/\/marognole.it\/wp-content\/uploads\/2025\/03\/Foto-01-11-18-09-18-24-scaled.jpg\" class=\"attachment-full size-full wp-image-856\" alt=\"\" srcset=\"https:\/\/marognole.it\/wp-content\/uploads\/2025\/03\/Foto-01-11-18-09-18-24-scaled.jpg 1920w, https:\/\/marognole.it\/wp-content\/uploads\/2025\/03\/Foto-01-11-18-09-18-24-225x300.jpg 225w, https:\/\/marognole.it\/wp-content\/uploads\/2025\/03\/Foto-01-11-18-09-18-24-768x1024.jpg 768w, https:\/\/marognole.it\/wp-content\/uploads\/2025\/03\/Foto-01-11-18-09-18-24-1152x1536.jpg 1152w, https:\/\/marognole.it\/wp-content\/uploads\/2025\/03\/Foto-01-11-18-09-18-24-1536x2048.jpg 1536w\" sizes=\"(max-width: 1920px) 100vw, 1920px\" \/><\/figure><div class=\"elementor-image-box-content\"><p class=\"elementor-image-box-description\">Zu unseren Kulturen geh\u00f6ren auch Olivenb\u00e4ume, aus denen wir ein hochwertiges natives Oliven\u00f6l extra mit einem ausgewogenen und duftenden Geschmack gewinnen, das sich perfekt zum Verfeinern aller Gerichte eignet.\n<\/p><\/div><\/div>\t\t\t\t<\/div>\n\t\t\t\t<\/div>\n\t\t\t\t\t<\/div>\n\t\t\t\t<\/div>\n\t\t<div class=\"elementor-element elementor-element-120f6f5 e-con-full e-flex e-con e-parent\" data-id=\"120f6f5\" data-element_type=\"container\" data-e-type=\"container\">\n\t\t\t\t<div class=\"elementor-element elementor-element-e565dd4 elementor-widget elementor-widget-heading\" data-id=\"e565dd4\" data-element_type=\"widget\" data-e-type=\"widget\" data-widget_type=\"heading.default\">\n\t\t\t\t<div class=\"elementor-widget-container\">\n\t\t\t\t\t<h2 class=\"elementor-heading-title elementor-size-default\">Unsere Produkte<\/h2>\t\t\t\t<\/div>\n\t\t\t\t<\/div>\n\t\t\t\t<div class=\"elementor-element elementor-element-8a7074f elementor-widget elementor-widget-gallery\" data-id=\"8a7074f\" data-element_type=\"widget\" data-e-type=\"widget\" data-settings=\"{&quot;gallery_layout&quot;:&quot;masonry&quot;,&quot;columns&quot;:6,&quot;columns_mobile&quot;:2,&quot;lazyload&quot;:&quot;yes&quot;,&quot;columns_tablet&quot;:2,&quot;gap&quot;:{&quot;unit&quot;:&quot;px&quot;,&quot;size&quot;:10,&quot;sizes&quot;:[]},&quot;gap_laptop&quot;:{&quot;unit&quot;:&quot;px&quot;,&quot;size&quot;:10,&quot;sizes&quot;:[]},&quot;gap_tablet&quot;:{&quot;unit&quot;:&quot;px&quot;,&quot;size&quot;:10,&quot;sizes&quot;:[]},&quot;gap_mobile&quot;:{&quot;unit&quot;:&quot;px&quot;,&quot;size&quot;:10,&quot;sizes&quot;:[]},&quot;link_to&quot;:&quot;file&quot;,&quot;overlay_background&quot;:&quot;yes&quot;,&quot;content_hover_animation&quot;:&quot;fade-in&quot;}\" data-widget_type=\"gallery.default\">\n\t\t\t\t<div class=\"elementor-widget-container\">\n\t\t\t\t\t\t\t<div class=\"elementor-gallery__container\">\n\t\t\t\t\t\t\t<a class=\"e-gallery-item elementor-gallery-item elementor-animated-content\" href=\"https:\/\/marognole.it\/wp-content\/uploads\/2025\/03\/EFF80A79-F26A-4718-A9EF-D05E5B96D65B.jpg\" data-elementor-open-lightbox=\"yes\" data-elementor-lightbox-slideshow=\"8a7074f\" data-elementor-lightbox-title=\"EFF80A79-F26A-4718-A9EF-D05E5B96D65B\" data-e-action-hash=\"#elementor-action%3Aaction%3Dlightbox%26settings%3DeyJpZCI6NjQ1LCJ1cmwiOiJodHRwczpcL1wvbWFyb2dub2xlLml0XC93cC1jb250ZW50XC91cGxvYWRzXC8yMDI1XC8wM1wvRUZGODBBNzktRjI2QS00NzE4LUE5RUYtRDA1RTVCOTZENjVCLmpwZyIsInNsaWRlc2hvdyI6IjhhNzA3NGYifQ%3D%3D\">\n\t\t\t\t\t<div class=\"e-gallery-image elementor-gallery-item__image\" data-thumbnail=\"https:\/\/marognole.it\/wp-content\/uploads\/2025\/03\/EFF80A79-F26A-4718-A9EF-D05E5B96D65B.jpg\" data-width=\"1125\" data-height=\"2000\" aria-label=\"\" role=\"img\" ><\/div>\n\t\t\t\t\t\t\t\t\t\t\t<div class=\"elementor-gallery-item__overlay\"><\/div>\n\t\t\t\t\t\t\t\t\t\t\t\t\t\t<\/a>\n\t\t\t\t\t\t\t<a class=\"e-gallery-item elementor-gallery-item elementor-animated-content\" href=\"https:\/\/marognole.it\/wp-content\/uploads\/2025\/03\/EC82DF81-0E17-44F7-A33F-AFC689E4C275.jpg\" data-elementor-open-lightbox=\"yes\" data-elementor-lightbox-slideshow=\"8a7074f\" data-elementor-lightbox-title=\"EC82DF81-0E17-44F7-A33F-AFC689E4C275\" data-e-action-hash=\"#elementor-action%3Aaction%3Dlightbox%26settings%3DeyJpZCI6NjQ4LCJ1cmwiOiJodHRwczpcL1wvbWFyb2dub2xlLml0XC93cC1jb250ZW50XC91cGxvYWRzXC8yMDI1XC8wM1wvRUM4MkRGODEtMEUxNy00NEY3LUEzM0YtQUZDNjg5RTRDMjc1LmpwZyIsInNsaWRlc2hvdyI6IjhhNzA3NGYifQ%3D%3D\">\n\t\t\t\t\t<div class=\"e-gallery-image elementor-gallery-item__image\" data-thumbnail=\"https:\/\/marognole.it\/wp-content\/uploads\/2025\/03\/EC82DF81-0E17-44F7-A33F-AFC689E4C275.jpg\" data-width=\"942\" data-height=\"1269\" aria-label=\"\" role=\"img\" ><\/div>\n\t\t\t\t\t\t\t\t\t\t\t<div class=\"elementor-gallery-item__overlay\"><\/div>\n\t\t\t\t\t\t\t\t\t\t\t\t\t\t<\/a>\n\t\t\t\t\t\t\t<a class=\"e-gallery-item elementor-gallery-item elementor-animated-content\" href=\"https:\/\/marognole.it\/wp-content\/uploads\/2025\/03\/CBEB9A56-9FAF-483C-A2B1-62E3333EA2F6.jpg\" data-elementor-open-lightbox=\"yes\" data-elementor-lightbox-slideshow=\"8a7074f\" data-elementor-lightbox-title=\"CBEB9A56-9FAF-483C-A2B1-62E3333EA2F6\" data-e-action-hash=\"#elementor-action%3Aaction%3Dlightbox%26settings%3DeyJpZCI6NjUxLCJ1cmwiOiJodHRwczpcL1wvbWFyb2dub2xlLml0XC93cC1jb250ZW50XC91cGxvYWRzXC8yMDI1XC8wM1wvQ0JFQjlBNTYtOUZBRi00ODNDLUEyQjEtNjJFMzMzM0VBMkY2LmpwZyIsInNsaWRlc2hvdyI6IjhhNzA3NGYifQ%3D%3D\">\n\t\t\t\t\t<div class=\"e-gallery-image elementor-gallery-item__image\" data-thumbnail=\"https:\/\/marognole.it\/wp-content\/uploads\/2025\/03\/CBEB9A56-9FAF-483C-A2B1-62E3333EA2F6.jpg\" data-width=\"1125\" data-height=\"2000\" aria-label=\"\" role=\"img\" ><\/div>\n\t\t\t\t\t\t\t\t\t\t\t<div class=\"elementor-gallery-item__overlay\"><\/div>\n\t\t\t\t\t\t\t\t\t\t\t\t\t\t<\/a>\n\t\t\t\t\t\t\t<a class=\"e-gallery-item elementor-gallery-item elementor-animated-content\" href=\"https:\/\/marognole.it\/wp-content\/uploads\/2025\/03\/C58DAA8A-1C96-4F52-B60B-B9924CF7B83B.jpg\" data-elementor-open-lightbox=\"yes\" data-elementor-lightbox-slideshow=\"8a7074f\" data-elementor-lightbox-title=\"C58DAA8A-1C96-4F52-B60B-B9924CF7B83B\" data-e-action-hash=\"#elementor-action%3Aaction%3Dlightbox%26settings%3DeyJpZCI6NjU0LCJ1cmwiOiJodHRwczpcL1wvbWFyb2dub2xlLml0XC93cC1jb250ZW50XC91cGxvYWRzXC8yMDI1XC8wM1wvQzU4REFBOEEtMUM5Ni00RjUyLUI2MEItQjk5MjRDRjdCODNCLmpwZyIsInNsaWRlc2hvdyI6IjhhNzA3NGYifQ%3D%3D\">\n\t\t\t\t\t<div class=\"e-gallery-image elementor-gallery-item__image\" data-thumbnail=\"https:\/\/marognole.it\/wp-content\/uploads\/2025\/03\/C58DAA8A-1C96-4F52-B60B-B9924CF7B83B.jpg\" data-width=\"1125\" data-height=\"2000\" aria-label=\"\" role=\"img\" ><\/div>\n\t\t\t\t\t\t\t\t\t\t\t<div class=\"elementor-gallery-item__overlay\"><\/div>\n\t\t\t\t\t\t\t\t\t\t\t\t\t\t<\/a>\n\t\t\t\t\t\t\t<a class=\"e-gallery-item elementor-gallery-item elementor-animated-content\" href=\"https:\/\/marognole.it\/wp-content\/uploads\/2025\/03\/BD7EAEF4-CEB7-4624-B11C-9BC83DDADFCB.jpg\" data-elementor-open-lightbox=\"yes\" data-elementor-lightbox-slideshow=\"8a7074f\" data-elementor-lightbox-title=\"BD7EAEF4-CEB7-4624-B11C-9BC83DDADFCB\" data-e-action-hash=\"#elementor-action%3Aaction%3Dlightbox%26settings%3DeyJpZCI6NjU3LCJ1cmwiOiJodHRwczpcL1wvbWFyb2dub2xlLml0XC93cC1jb250ZW50XC91cGxvYWRzXC8yMDI1XC8wM1wvQkQ3RUFFRjQtQ0VCNy00NjI0LUIxMUMtOUJDODNEREFERkNCLmpwZyIsInNsaWRlc2hvdyI6IjhhNzA3NGYifQ%3D%3D\">\n\t\t\t\t\t<div class=\"e-gallery-image elementor-gallery-item__image\" data-thumbnail=\"https:\/\/marognole.it\/wp-content\/uploads\/2025\/03\/BD7EAEF4-CEB7-4624-B11C-9BC83DDADFCB.jpg\" data-width=\"1124\" data-height=\"1835\" aria-label=\"\" role=\"img\" ><\/div>\n\t\t\t\t\t\t\t\t\t\t\t<div class=\"elementor-gallery-item__overlay\"><\/div>\n\t\t\t\t\t\t\t\t\t\t\t\t\t\t<\/a>\n\t\t\t\t\t\t\t<a class=\"e-gallery-item elementor-gallery-item elementor-animated-content\" href=\"https:\/\/marognole.it\/wp-content\/uploads\/2025\/03\/76631E38-466F-4026-8BC7-0A2307437937.jpg\" data-elementor-open-lightbox=\"yes\" data-elementor-lightbox-slideshow=\"8a7074f\" data-elementor-lightbox-title=\"76631E38-466F-4026-8BC7-0A2307437937\" data-e-action-hash=\"#elementor-action%3Aaction%3Dlightbox%26settings%3DeyJpZCI6NjYwLCJ1cmwiOiJodHRwczpcL1wvbWFyb2dub2xlLml0XC93cC1jb250ZW50XC91cGxvYWRzXC8yMDI1XC8wM1wvNzY2MzFFMzgtNDY2Ri00MDI2LThCQzctMEEyMzA3NDM3OTM3LmpwZyIsInNsaWRlc2hvdyI6IjhhNzA3NGYifQ%3D%3D\">\n\t\t\t\t\t<div class=\"e-gallery-image elementor-gallery-item__image\" data-thumbnail=\"https:\/\/marognole.it\/wp-content\/uploads\/2025\/03\/76631E38-466F-4026-8BC7-0A2307437937.jpg\" data-width=\"1125\" data-height=\"2000\" aria-label=\"\" role=\"img\" ><\/div>\n\t\t\t\t\t\t\t\t\t\t\t<div class=\"elementor-gallery-item__overlay\"><\/div>\n\t\t\t\t\t\t\t\t\t\t\t\t\t\t<\/a>\n\t\t\t\t\t\t\t<a class=\"e-gallery-item elementor-gallery-item elementor-animated-content\" href=\"https:\/\/marognole.it\/wp-content\/uploads\/2025\/03\/93FC655F-E65D-42C9-AA6B-3B2249B1A1EE.jpg\" data-elementor-open-lightbox=\"yes\" data-elementor-lightbox-slideshow=\"8a7074f\" data-elementor-lightbox-title=\"93FC655F-E65D-42C9-AA6B-3B2249B1A1EE\" data-e-action-hash=\"#elementor-action%3Aaction%3Dlightbox%26settings%3DeyJpZCI6NjYzLCJ1cmwiOiJodHRwczpcL1wvbWFyb2dub2xlLml0XC93cC1jb250ZW50XC91cGxvYWRzXC8yMDI1XC8wM1wvOTNGQzY1NUYtRTY1RC00MkM5LUFBNkItM0IyMjQ5QjFBMUVFLmpwZyIsInNsaWRlc2hvdyI6IjhhNzA3NGYifQ%3D%3D\">\n\t\t\t\t\t<div class=\"e-gallery-image elementor-gallery-item__image\" data-thumbnail=\"https:\/\/marognole.it\/wp-content\/uploads\/2025\/03\/93FC655F-E65D-42C9-AA6B-3B2249B1A1EE.jpg\" data-width=\"1125\" data-height=\"2000\" aria-label=\"\" role=\"img\" ><\/div>\n\t\t\t\t\t\t\t\t\t\t\t<div class=\"elementor-gallery-item__overlay\"><\/div>\n\t\t\t\t\t\t\t\t\t\t\t\t\t\t<\/a>\n\t\t\t\t\t\t\t<a class=\"e-gallery-item elementor-gallery-item elementor-animated-content\" href=\"https:\/\/marognole.it\/wp-content\/uploads\/2025\/03\/45CF2CEF-89EB-4746-8F82-24A5AFB47871.jpg\" data-elementor-open-lightbox=\"yes\" data-elementor-lightbox-slideshow=\"8a7074f\" data-elementor-lightbox-title=\"45CF2CEF-89EB-4746-8F82-24A5AFB47871\" data-e-action-hash=\"#elementor-action%3Aaction%3Dlightbox%26settings%3DeyJpZCI6NjY2LCJ1cmwiOiJodHRwczpcL1wvbWFyb2dub2xlLml0XC93cC1jb250ZW50XC91cGxvYWRzXC8yMDI1XC8wM1wvNDVDRjJDRUYtODlFQi00NzQ2LThGODItMjRBNUFGQjQ3ODcxLmpwZyIsInNsaWRlc2hvdyI6IjhhNzA3NGYifQ%3D%3D\">\n\t\t\t\t\t<div class=\"e-gallery-image elementor-gallery-item__image\" data-thumbnail=\"https:\/\/marognole.it\/wp-content\/uploads\/2025\/03\/45CF2CEF-89EB-4746-8F82-24A5AFB47871.jpg\" data-width=\"1006\" data-height=\"1333\" aria-label=\"\" role=\"img\" ><\/div>\n\t\t\t\t\t\t\t\t\t\t\t<div class=\"elementor-gallery-item__overlay\"><\/div>\n\t\t\t\t\t\t\t\t\t\t\t\t\t\t<\/a>\n\t\t\t\t\t\t\t<a class=\"e-gallery-item elementor-gallery-item elementor-animated-content\" href=\"https:\/\/marognole.it\/wp-content\/uploads\/2025\/03\/9A70F45E-5ABA-45D3-9F12-1E4C8A07086A.jpg\" data-elementor-open-lightbox=\"yes\" data-elementor-lightbox-slideshow=\"8a7074f\" data-elementor-lightbox-title=\"9A70F45E-5ABA-45D3-9F12-1E4C8A07086A\" data-e-action-hash=\"#elementor-action%3Aaction%3Dlightbox%26settings%3DeyJpZCI6NjY5LCJ1cmwiOiJodHRwczpcL1wvbWFyb2dub2xlLml0XC93cC1jb250ZW50XC91cGxvYWRzXC8yMDI1XC8wM1wvOUE3MEY0NUUtNUFCQS00NUQzLTlGMTItMUU0QzhBMDcwODZBLmpwZyIsInNsaWRlc2hvdyI6IjhhNzA3NGYifQ%3D%3D\">\n\t\t\t\t\t<div class=\"e-gallery-image elementor-gallery-item__image\" data-thumbnail=\"https:\/\/marognole.it\/wp-content\/uploads\/2025\/03\/9A70F45E-5ABA-45D3-9F12-1E4C8A07086A.jpg\" data-width=\"1125\" data-height=\"2000\" aria-label=\"\" role=\"img\" ><\/div>\n\t\t\t\t\t\t\t\t\t\t\t<div class=\"elementor-gallery-item__overlay\"><\/div>\n\t\t\t\t\t\t\t\t\t\t\t\t\t\t<\/a>\n\t\t\t\t\t\t\t<a class=\"e-gallery-item elementor-gallery-item elementor-animated-content\" href=\"https:\/\/marognole.it\/wp-content\/uploads\/2025\/03\/5EBD9260-D86E-450B-A448-AF5821122B37.jpg\" data-elementor-open-lightbox=\"yes\" data-elementor-lightbox-slideshow=\"8a7074f\" data-elementor-lightbox-title=\"5EBD9260-D86E-450B-A448-AF5821122B37\" data-e-action-hash=\"#elementor-action%3Aaction%3Dlightbox%26settings%3DeyJpZCI6NjcyLCJ1cmwiOiJodHRwczpcL1wvbWFyb2dub2xlLml0XC93cC1jb250ZW50XC91cGxvYWRzXC8yMDI1XC8wM1wvNUVCRDkyNjAtRDg2RS00NTBCLUE0NDgtQUY1ODIxMTIyQjM3LmpwZyIsInNsaWRlc2hvdyI6IjhhNzA3NGYifQ%3D%3D\">\n\t\t\t\t\t<div class=\"e-gallery-image elementor-gallery-item__image\" data-thumbnail=\"https:\/\/marognole.it\/wp-content\/uploads\/2025\/03\/5EBD9260-D86E-450B-A448-AF5821122B37.jpg\" data-width=\"1125\" data-height=\"2000\" aria-label=\"\" role=\"img\" ><\/div>\n\t\t\t\t\t\t\t\t\t\t\t<div class=\"elementor-gallery-item__overlay\"><\/div>\n\t\t\t\t\t\t\t\t\t\t\t\t\t\t<\/a>\n\t\t\t\t\t\t\t<a class=\"e-gallery-item elementor-gallery-item elementor-animated-content\" href=\"https:\/\/marognole.it\/wp-content\/uploads\/2025\/03\/4A116639-AA4F-4B9C-956D-5886A7B4D87A.jpg\" data-elementor-open-lightbox=\"yes\" data-elementor-lightbox-slideshow=\"8a7074f\" data-elementor-lightbox-title=\"4A116639-AA4F-4B9C-956D-5886A7B4D87A\" data-e-action-hash=\"#elementor-action%3Aaction%3Dlightbox%26settings%3DeyJpZCI6NjQyLCJ1cmwiOiJodHRwczpcL1wvbWFyb2dub2xlLml0XC93cC1jb250ZW50XC91cGxvYWRzXC8yMDI1XC8wM1wvNEExMTY2MzktQUE0Ri00QjlDLTk1NkQtNTg4NkE3QjREODdBLmpwZyIsInNsaWRlc2hvdyI6IjhhNzA3NGYifQ%3D%3D\">\n\t\t\t\t\t<div class=\"e-gallery-image elementor-gallery-item__image\" data-thumbnail=\"https:\/\/marognole.it\/wp-content\/uploads\/2025\/03\/4A116639-AA4F-4B9C-956D-5886A7B4D87A.jpg\" data-width=\"954\" data-height=\"1294\" aria-label=\"\" role=\"img\" ><\/div>\n\t\t\t\t\t\t\t\t\t\t\t<div class=\"elementor-gallery-item__overlay\"><\/div>\n\t\t\t\t\t\t\t\t\t\t\t\t\t\t<\/a>\n\t\t\t\t\t\t\t<a class=\"e-gallery-item elementor-gallery-item elementor-animated-content\" href=\"https:\/\/marognole.it\/wp-content\/uploads\/2025\/03\/IMG_7942.png\" data-elementor-open-lightbox=\"yes\" data-elementor-lightbox-slideshow=\"8a7074f\" data-elementor-lightbox-title=\"IMG_7942\" data-e-action-hash=\"#elementor-action%3Aaction%3Dlightbox%26settings%3DeyJpZCI6NjgyLCJ1cmwiOiJodHRwczpcL1wvbWFyb2dub2xlLml0XC93cC1jb250ZW50XC91cGxvYWRzXC8yMDI1XC8wM1wvSU1HXzc5NDIucG5nIiwic2xpZGVzaG93IjoiOGE3MDc0ZiJ9\">\n\t\t\t\t\t<div class=\"e-gallery-image elementor-gallery-item__image\" data-thumbnail=\"https:\/\/marognole.it\/wp-content\/uploads\/2025\/03\/IMG_7942.png\" data-width=\"3024\" data-height=\"4032\" aria-label=\"\" role=\"img\" ><\/div>\n\t\t\t\t\t\t\t\t\t\t\t<div class=\"elementor-gallery-item__overlay\"><\/div>\n\t\t\t\t\t\t\t\t\t\t\t\t\t\t<\/a>\n\t\t\t\t\t<\/div>\n\t\t\t\t\t<\/div>\n\t\t\t\t<\/div>\n\t\t\t\t<\/div>\n\t\t<div class=\"elementor-element elementor-element-94c74a5 e-con-full e-flex e-con e-parent\" data-id=\"94c74a5\" data-element_type=\"container\" data-e-type=\"container\">\n\t\t\t\t<div class=\"elementor-element elementor-element-e16c632 elementor-widget elementor-widget-template\" data-id=\"e16c632\" data-element_type=\"widget\" data-e-type=\"widget\" data-widget_type=\"template.default\">\n\t\t\t\t<div class=\"elementor-widget-container\">\n\t\t\t\t\t\t\t<div class=\"elementor-template\">\n\t\t\t\t\t<div data-elementor-type=\"container\" data-elementor-id=\"456\" class=\"elementor elementor-456 elementor-22 elementor-22\" data-elementor-post-type=\"elementor_library\">\n\t\t\t\t<div class=\"elementor-element elementor-element-5f2a9fd0 e-flex e-con-boxed e-con e-parent\" data-id=\"5f2a9fd0\" data-element_type=\"container\" data-e-type=\"container\" data-settings=\"{&quot;background_background&quot;:&quot;classic&quot;}\">\n\t\t\t\t\t<div class=\"e-con-inner\">\n\t\t<div class=\"elementor-element elementor-element-488c3558 e-con-full e-flex e-con e-child\" data-id=\"488c3558\" data-element_type=\"container\" data-e-type=\"container\">\n\t\t\t\t<div class=\"elementor-element elementor-element-2c46e8c2 elementor-widget elementor-widget-heading\" data-id=\"2c46e8c2\" data-element_type=\"widget\" data-e-type=\"widget\" data-widget_type=\"heading.default\">\n\t\t\t\t<div class=\"elementor-widget-container\">\n\t\t\t\t\t<h2 class=\"elementor-heading-title elementor-size-default\">Aufenthalt in unseren Wohnungen<\/h2>\t\t\t\t<\/div>\n\t\t\t\t<\/div>\n\t\t\t\t<div class=\"elementor-element elementor-element-1d748df1 elementor-widget elementor-widget-text-editor\" data-id=\"1d748df1\" data-element_type=\"widget\" data-e-type=\"widget\" data-widget_type=\"text-editor.default\">\n\t\t\t\t<div class=\"elementor-widget-container\">\n\t\t\t\t\t\t\t\t\t<p><span class=\"translatable-message\">Hier sind Sie nicht allein: Au\u00dfer uns werden Sie von unseren vierbeinigen Freunden empfangen, die Ihnen zwischen einem Spaziergang durch die Felder und der Entspannung an der frischen Luft gerne Gesellschaft leisten.<\/span><\/p>\t\t\t\t\t\t\t\t<\/div>\n\t\t\t\t<\/div>\n\t\t\t\t<\/div>\n\t\t<div class=\"elementor-element elementor-element-5700f646 e-con-full e-flex e-con e-child\" data-id=\"5700f646\" data-element_type=\"container\" data-e-type=\"container\">\n\t\t\t\t<div class=\"elementor-element elementor-element-6a11eb39 elementor-align-center elementor-widget elementor-widget-button\" data-id=\"6a11eb39\" data-element_type=\"widget\" data-e-type=\"widget\" data-widget_type=\"button.default\">\n\t\t\t\t<div class=\"elementor-widget-container\">\n\t\t\t\t\t\t\t\t\t<div class=\"elementor-button-wrapper\">\n\t\t\t\t\t<a class=\"elementor-button elementor-button-link elementor-size-sm\" href=\"https:\/\/marognole.it\/de\/wohnungen\/\">\n\t\t\t\t\t\t<span class=\"elementor-button-content-wrapper\">\n\t\t\t\t\t\t\t\t\t<span class=\"elementor-button-text\">Entdecken Sie unsere Wohnungen<\/span>\n\t\t\t\t\t<\/span>\n\t\t\t\t\t<\/a>\n\t\t\t\t<\/div>\n\t\t\t\t\t\t\t\t<\/div>\n\t\t\t\t<\/div>\n\t\t\t\t<\/div>\n\t\t\t\t\t<\/div>\n\t\t\t\t<\/div>\n\t\t<div class=\"elementor-element elementor-element-8d11112 e-flex e-con-boxed e-con e-parent\" data-id=\"8d11112\" data-element_type=\"container\" data-e-type=\"container\">\n\t\t\t\t\t<div class=\"e-con-inner\">\n\t\t\t\t\t<\/div>\n\t\t\t\t<\/div>\n\t\t\t\t<\/div>\n\t\t\t\t<\/div>\n\t\t\t\t\t\t<\/div>\n\t\t\t\t<\/div>\n\t\t\t\t<\/div>\n\t\t\t\t<\/div>\n\t\t","protected":false},"excerpt":{"rendered":"<p>Unsere landwirtschaftliche Produktion Willkommen auf unserem Bauernhof, wo die Leidenschaft f\u00fcr das Land mit einem Fokus auf Qualit\u00e4t und Authentizit\u00e4t kombiniert wird. Unser Bauernhof baut mit Leidenschaft und Respekt vor der Natur Gem\u00fcse an und folgt dabei dem Rhythmus der Jahreszeiten. Unter den Produktionen, die Sie in unserem Shop finden, sind: Auf unseren Feldern bauen [&hellip;]<\/p>\n","protected":false},"author":1,"featured_media":0,"parent":0,"menu_order":0,"comment_status":"closed","ping_status":"closed","template":"","meta":{"_acf_changed":false,"footnotes":""},"class_list":["post-611","page","type-page","status-publish","hentry"],"acf":[],"aioseo_notices":[],"_links":{"self":[{"href":"https:\/\/marognole.it\/de\/wp-json\/wp\/v2\/pages\/611","targetHints":{"allow":["GET"]}}],"collection":[{"href":"https:\/\/marognole.it\/de\/wp-json\/wp\/v2\/pages"}],"about":[{"href":"https:\/\/marognole.it\/de\/wp-json\/wp\/v2\/types\/page"}],"author":[{"embeddable":true,"href":"https:\/\/marognole.it\/de\/wp-json\/wp\/v2\/users\/1"}],"replies":[{"embeddable":true,"href":"https:\/\/marognole.it\/de\/wp-json\/wp\/v2\/comments?post=611"}],"version-history":[{"count":6,"href":"https:\/\/marognole.it\/de\/wp-json\/wp\/v2\/pages\/611\/revisions"}],"predecessor-version":[{"id":863,"href":"https:\/\/marognole.it\/de\/wp-json\/wp\/v2\/pages\/611\/revisions\/863"}],"wp:attachment":[{"href":"https:\/\/marognole.it\/de\/wp-json\/wp\/v2\/media?parent=611"}],"curies":[{"name":"wp","href":"https:\/\/api.w.org\/{rel}","templated":true}]}}