{"id":440,"date":"2025-03-07T08:19:35","date_gmt":"2025-03-07T07:19:35","guid":{"rendered":"https:\/\/marognole.it\/datenschutzbestimmungen\/"},"modified":"2025-03-12T11:49:41","modified_gmt":"2025-03-12T10:49:41","slug":"datenschutzbestimmungen","status":"publish","type":"page","link":"https:\/\/marognole.it\/de\/datenschutzbestimmungen\/","title":{"rendered":"Datenschutzbestimmungen"},"content":{"rendered":"\t\t<div data-elementor-type=\"wp-page\" data-elementor-id=\"440\" class=\"elementor elementor-440 elementor-3\" data-elementor-post-type=\"page\">\n\t\t\t\t<div class=\"elementor-element elementor-element-a85929d e-flex e-con-boxed e-con e-parent\" data-id=\"a85929d\" data-element_type=\"container\" data-e-type=\"container\">\n\t\t\t\t\t<div class=\"e-con-inner\">\n\t\t\t\t<div class=\"elementor-element elementor-element-ca7e151 elementor-widget elementor-widget-text-editor\" data-id=\"ca7e151\" data-element_type=\"widget\" data-e-type=\"widget\" data-widget_type=\"text-editor.default\">\n\t\t\t\t<div class=\"elementor-widget-container\">\n\t\t\t\t\t\t\t\t\t<h1><strong>Datenschutzbestimmungen von Agriturismo Le Marognole<\/strong><\/h1>\n<hr>\n<h4><strong>Datenkontrolleur<\/strong><\/h4>\n<p>Agriturismo Le Marognole  <\/p>\n<p>E-Mail des Inhabers: <a rel=\"noopener\">info.marognole@libero.it<br>VAT:  <br><\/a> <\/p>\n<h4> <\/h4>\n<h4><strong>Arten von gesammelten Daten<\/strong><\/h4>\n<ul>\n<li><strong>Name<\/strong><\/li>\n<li><strong>E-Mail Adresse<\/strong><\/li>\n<li><strong>Telefon Nummer<\/strong><\/li>\n<li><strong>Cookies und Tracking-Tools<\/strong><\/li>\n<li><strong>IP-Adressen<\/strong><\/li>\n<li><strong>Browser- und Ger\u00e4teinformationen<\/strong><\/li>\n<li><strong>Verwendungsdaten<\/strong><\/li>\n<\/ul>\n<h4> <\/h4>\n<h4><strong>Behandlungsmethoden<\/strong><\/h4>\n<p>Die Verarbeitung personenbezogener Daten erfolgt mit Hilfe automatisierter Tools und geeigneter Sicherheitsma\u00dfnahmen, um den unbefugten Zugriff, die Offenlegung, \u00c4nderung oder Zerst\u00f6rung der Daten zu verhindern. Die Verarbeitung erfolgt durch den Data Controller und speziell beauftragte Personen. <\/p>\n<h4> <\/h4>\n<h4><strong>Rechtsgrundlage f\u00fcr die Verarbeitung<\/strong><\/h4>\n<p>Der f\u00fcr die Verarbeitung Verantwortliche verarbeitet die personenbezogenen Daten des Benutzers auf den folgenden Rechtsgrundlagen:<\/p>\n<ul>\n<li>Zustimmung der <strong>betroffenen Person<\/strong>: Der Nutzer hat seine Zustimmung zur Verarbeitung seiner pers\u00f6nlichen Daten f\u00fcr einen oder mehrere bestimmte Zwecke gegeben.<\/li>\n<li>Berechtigtes <strong>Interesse des f\u00fcr die Verarbeitung Verantwortlichen<\/strong>: Die Verarbeitung ist f\u00fcr die Verfolgung des berechtigten Interesses des f\u00fcr die Verarbeitung Verantwortlichen oder eines Dritten erforderlich.<\/li>\n<\/ul>\n<h4><strong>Ort der Verarbeitung<\/strong><\/h4>\n<p>Die Daten werden am operativen Hauptsitz des f\u00fcr die Datenverarbeitung Verantwortlichen und an jedem anderen Ort verarbeitet, an dem sich die an der Verarbeitung beteiligten Parteien befinden. Die personenbezogenen Daten des Nutzers k\u00f6nnen in ein anderes Land als das Land, in dem der Nutzer ans\u00e4ssig ist, \u00fcbertragen werden, insbesondere in die Vereinigten Staaten von Amerika f\u00fcr Dienste von Dritten wie Google Analytics. <\/p>\n<h4> <\/h4>\n<h4><strong>Dauer der Lagerung<\/strong><\/h4>\n<p>Personenbezogene Daten werden nur so lange verarbeitet und gespeichert, wie es f\u00fcr den Zweck, f\u00fcr den sie erhoben wurden, erforderlich ist:<\/p>\n<ul>\n<li><strong>\u00dcber das Kontaktformular erfasste Daten<\/strong>: werden so lange aufbewahrt, wie es f\u00fcr die Beantwortung der Anfragen des Nutzers erforderlich ist.<\/li>\n<li><strong>Zu statistischen Zwecken erhobene Daten<\/strong>: werden gem\u00e4\u00df den von den verwendeten Drittdiensten festgelegten Bedingungen gespeichert.<\/li>\n<\/ul>\n<p>Nach Ablauf der Aufbewahrungsfrist werden die personenbezogenen Daten gel\u00f6scht. Daher k\u00f6nnen nach Ablauf dieser Frist das Recht auf Zugang, L\u00f6schung, Berichtigung und das Recht auf Daten\u00fcbertragbarkeit nicht mehr ausge\u00fcbt werden. <\/p>\n<h4> <\/h4>\n<h4><strong>Zwecke der erfassten Daten (einschlie\u00dflich Dienstleistungen Dritter)<\/strong><\/h4>\n<p>Die Benutzerdaten werden erhoben, damit der f\u00fcr die Verarbeitung Verantwortliche seine Dienstleistungen erbringen kann, sowie f\u00fcr die folgenden Zwecke:<\/p>\n<ol>\n<li><strong>Kontaktaufnahme mit dem Benutzer<\/strong>\n<ul>\n<li><strong>Kontakt-Formular<\/strong>\n<ul>\n<li><strong>Was ist der Service<\/strong>: Er erm\u00f6glicht es dem Nutzer, den Controller zu kontaktieren, indem er Name, E-Mail-Adresse und Telefonnummer angibt. <\/li>\n<li><strong>Zweck<\/strong>: Beantwortung der Anfragen des Benutzers.<\/li>\n<li><strong>Vom Dienst verarbeitete personenbezogene Daten<\/strong>: Name, E-Mail-Adresse, Telefonnummer. <\/li>\n<li><strong>Ort der Verarbeitung<\/strong>: Italien.<\/li>\n<li><strong>Stellt einen Verkauf gem\u00e4\u00df den Gesetzen der Vereinigten Staaten wie dem CPRA und dem VCDPA dar<\/strong>: Nein.<\/li>\n<\/ul>\n<\/li>\n<\/ul>\n<\/li>\n<li><strong>Statistik<\/strong>\n<ul>\n<li><strong>Google Analytics<\/strong>\n<ul>\n<li><strong>Was ist das f\u00fcr ein Dienst<\/strong>: Ein Webanalysedienst, der von Google LLC (&#8222;Google&#8220;) bereitgestellt wird. Google verwendet die gesammelten Daten, um die Nutzung dieser Website zu verfolgen und zu untersuchen. <\/li>\n<li><strong>Zweck<\/strong>: Analyse der Interaktionen des Benutzers mit der Website, um die angebotenen Dienste zu verbessern.<\/li>\n<li><strong>Durch den Dienst verarbeitete personenbezogene Daten<\/strong>: Cookies, Nutzungsdaten, IP-Adressen.<\/li>\n<li><strong>Ort der Verarbeitung<\/strong>: Vereinigte Staaten; Irland.<\/li>\n<li><strong>Stellt einen Verkauf nach US-Gesetzen wie CPRA und VCDPA dar<\/strong>: Ja.<\/li>\n<\/ul>\n<\/li>\n<li><strong>Google Suchkonsole<\/strong>\n<ul>\n<li><strong>Was ist das f\u00fcr ein Service<\/strong>: Ein kostenloses Tool, das von Google angeboten wird, um die Pr\u00e4senz der Website in den Suchergebnissen zu \u00fcberwachen.<\/li>\n<li><strong>Zweck<\/strong>: Optimierung der Sichtbarkeit der Website.<\/li>\n<li><strong>Durch den Dienst verarbeitete personenbezogene Daten<\/strong>: Nutzungsdaten, Cookies.<\/li>\n<li><strong>Ort der Verarbeitung<\/strong>: Vereinigte Staaten.<\/li>\n<li><strong>Stellt einen Verkauf nach US-Gesetzen wie CPRA und VCDPA dar<\/strong>: Ja.<\/li>\n<\/ul>\n<\/li>\n<\/ul>\n<\/li>\n<li><strong>Tag Management<\/strong>\n<ul>\n<li><strong>Google Tag Manager<\/strong>\n<ul>\n<li><strong>Was ist das f\u00fcr ein Service<\/strong>: Tag Management System von Google LLC.<\/li>\n<li><strong>Zweck<\/strong>: Zentrale Verwaltung von Tags oder Skripten, die auf der Website verwendet werden.<\/li>\n<li><strong>Durch den Dienst verarbeitete personenbezogene Daten<\/strong>: Cookie, Nutzungsdaten.<\/li>\n<li><strong>Ort der Verarbeitung<\/strong>: Vereinigte Staaten.<\/li>\n<li><strong>Stellt einen Verkauf nach US-Gesetzen wie CPRA und VCDPA dar<\/strong>: Ja.<\/li>\n<\/ul>\n<\/li>\n<\/ul>\n<\/li>\n<\/ol>\n<h4> <\/h4>\n<h4><strong>Benutzerrechte<\/strong><\/h4>\n<p>Die Benutzer k\u00f6nnen bestimmte Rechte in Bezug auf ihre vom f\u00fcr die Verarbeitung Verantwortlichen verarbeiteten Daten aus\u00fcben. Der Nutzer hat insbesondere das Recht auf:<\/p>\n<ul>\n<li>Sie k\u00f6nnen <strong>Ihre Zustimmung jederzeit widerrufen<\/strong>.<\/li>\n<li><strong>Widerspruch gegen die Verarbeitung<\/strong> der eigenen Daten einlegen.<\/li>\n<li><strong>Zugang zu den eigenen Daten<\/strong>, um Informationen \u00fcber bestimmte Aspekte der Verarbeitung zu erhalten.<\/li>\n<li><strong>Pr\u00fcfen und beantragen Sie die Berichtigung<\/strong> von Daten.<\/li>\n<li><strong>Erreichen Sie eine Einschr\u00e4nkung der Verarbeitung<\/strong>, wenn bestimmte Bedingungen erf\u00fcllt sind.<\/li>\n<li><strong>die L\u00f6schung oder Entfernung<\/strong> Ihrer pers\u00f6nlichen Daten <strong>zu erwirken<\/strong>.<\/li>\n<li><strong>Ihre Daten erhalten<\/strong> oder sie an einen anderen Inhaber \u00fcbertragen lassen.<\/li>\n<li><strong>Beschweren Sie sich<\/strong> bei der zust\u00e4ndigen Aufsichtsbeh\u00f6rde.<\/li>\n<\/ul>\n<p>Um seine Rechte auszu\u00fcben, kann der Nutzer eine Anfrage an die E-Mail-Adresse des f\u00fcr die Verarbeitung Verantwortlichen richten: <strong><a rel=\"noopener\">info.marognole@libero.it<\/a><\/strong><\/p>\n<hr>\n<p><em>Zuletzt aktualisiert: 11. M\u00e4rz 2025<\/em><\/p>\t\t\t\t\t\t\t\t<\/div>\n\t\t\t\t<\/div>\n\t\t\t\t\t<\/div>\n\t\t\t\t<\/div>\n\t\t\t\t<\/div>\n\t\t","protected":false},"excerpt":{"rendered":"<p>Datenschutzbestimmungen von Agriturismo Le Marognole Datenkontrolleur Agriturismo Le Marognole E-Mail des Inhabers: info.marognole@libero.itVAT: Arten von gesammelten Daten Name E-Mail Adresse Telefon Nummer Cookies und Tracking-Tools IP-Adressen Browser- und Ger\u00e4teinformationen Verwendungsdaten Behandlungsmethoden Die Verarbeitung personenbezogener Daten erfolgt mit Hilfe automatisierter Tools und geeigneter Sicherheitsma\u00dfnahmen, um den unbefugten Zugriff, die Offenlegung, \u00c4nderung oder Zerst\u00f6rung der Daten zu [&hellip;]<\/p>\n","protected":false},"author":1,"featured_media":0,"parent":0,"menu_order":0,"comment_status":"closed","ping_status":"open","template":"","meta":{"_acf_changed":false,"footnotes":""},"class_list":["post-440","page","type-page","status-publish","hentry"],"acf":[],"aioseo_notices":[],"_links":{"self":[{"href":"https:\/\/marognole.it\/de\/wp-json\/wp\/v2\/pages\/440","targetHints":{"allow":["GET"]}}],"collection":[{"href":"https:\/\/marognole.it\/de\/wp-json\/wp\/v2\/pages"}],"about":[{"href":"https:\/\/marognole.it\/de\/wp-json\/wp\/v2\/types\/page"}],"author":[{"embeddable":true,"href":"https:\/\/marognole.it\/de\/wp-json\/wp\/v2\/users\/1"}],"replies":[{"embeddable":true,"href":"https:\/\/marognole.it\/de\/wp-json\/wp\/v2\/comments?post=440"}],"version-history":[{"count":1,"href":"https:\/\/marognole.it\/de\/wp-json\/wp\/v2\/pages\/440\/revisions"}],"predecessor-version":[{"id":441,"href":"https:\/\/marognole.it\/de\/wp-json\/wp\/v2\/pages\/440\/revisions\/441"}],"wp:attachment":[{"href":"https:\/\/marognole.it\/de\/wp-json\/wp\/v2\/media?parent=440"}],"curies":[{"name":"wp","href":"https:\/\/api.w.org\/{rel}","templated":true}]}}