{"id":436,"date":"2025-03-11T09:16:19","date_gmt":"2025-03-11T08:16:19","guid":{"rendered":"https:\/\/marognole.it\/cookie-richtlinie\/"},"modified":"2025-03-12T11:49:38","modified_gmt":"2025-03-12T10:49:38","slug":"cookie-richtlinie","status":"publish","type":"page","link":"https:\/\/marognole.it\/de\/cookie-richtlinie\/","title":{"rendered":"Cookie-Richtlinie"},"content":{"rendered":"\t\t<div data-elementor-type=\"wp-page\" data-elementor-id=\"436\" class=\"elementor elementor-436 elementor-368\" data-elementor-post-type=\"page\">\n\t\t\t\t<div class=\"elementor-element elementor-element-64c4def e-flex e-con-boxed e-con e-parent\" data-id=\"64c4def\" data-element_type=\"container\" data-e-type=\"container\">\n\t\t\t\t\t<div class=\"e-con-inner\">\n\t\t\t\t<div class=\"elementor-element elementor-element-c9cb9f6 elementor-widget elementor-widget-text-editor\" data-id=\"c9cb9f6\" data-element_type=\"widget\" data-e-type=\"widget\" data-widget_type=\"text-editor.default\">\n\t\t\t\t<div class=\"elementor-widget-container\">\n\t\t\t\t\t\t\t\t\t<h1><strong>Cookie-Richtlinie von Agriturismo Le Marognole<\/strong><\/h1><hr><p>Diese Website verwendet Cookies, um die korrekte Nutzung der Website und ein besseres Surferlebnis f\u00fcr den Benutzer zu gew\u00e4hrleisten.<\/p><h4><b>Was sind Cookies?<\/b><\/h4><p>Cookies sind kleine Textdateien, die vom Server der von Ihnen besuchten Website auf den Endger\u00e4ten der Benutzer gespeichert werden. Sie enthalten Informationen \u00fcber die Navigation des Benutzers, die von dem Server, der sie gesendet hat, in nachfolgenden Navigationssitzungen gelesen werden k\u00f6nnen.<\/p><h4><b>Arten von Cookies<\/b><\/h4><p><b>Technische Cookies<\/b>: Diese werden verwendet, um die Computerauthentifizierung durchzuf\u00fchren, Sitzungen zu \u00fcberwachen und spezifische Informationen \u00fcber Benutzer zu speichern, die auf eine Webseite zugreifen.<\/p><p>Diese Cookies sind oft n\u00fctzlich, weil sie das Surfen und die Nutzung des Internets schneller und bequemer machen k\u00f6nnen, da sie bestimmte Vorg\u00e4nge erleichtern.<\/p><p><b>Funktionale Cookies<\/b>: Sie erm\u00f6glichen es der Website, sich an die vom Benutzer getroffenen Auswahlen zu erinnern (z.B. die Sprache oder das geografische Gebiet, in dem sich der Benutzer befindet) und sie bei sp\u00e4teren Zugriffen erneut vorzuschlagen, um bessere, personalisierte Dienste anbieten zu k\u00f6nnen (z.B. k\u00f6nnen sie verwendet werden, um \u00e4hnliche Inhalte vorzuschlagen, wie sie zuvor vom Benutzer angefordert wurden).<\/p><p><b>Statistik-Cookies<\/b>: werden von Website-Betreibern verwendet, um in aggregierter Form Informationen \u00fcber die Anzahl der Nutzer und deren Besuch der Website zu sammeln und so allgemeine Statistiken \u00fcber den Dienst und seine Nutzung zu erstellen.<\/p><p><b>Profilierungs-Cookies<\/b>: Sie werden verwendet, um Benutzer w\u00e4hrend des Surfens zu \u00fcberwachen und zu profilieren, ihre Bewegungen und Web-Browsing- oder Konsumgewohnheiten zu untersuchen, auch um gezielte und personalisierte Service-Werbung zu senden.<\/p><p>Je nachdem, welche Instanz Cookies auf dem Endger\u00e4t des Nutzers installiert, werden Cookies in <b>&#8218;Erstanbieter&#8216;-C<\/b> ookies oder <b>&#8218;Drittanbieter&#8216;-Cookies<\/b> unterschieden <b>.<\/b><\/p><p>Erstanbieter-Cookies werden direkt vom Betreiber der Website selbst installiert.<\/p><p>Cookies von Drittanbietern hingegen sind Cookies, die von einer anderen Website als derjenigen, auf der der Benutzer surft, verwaltet werden, aber mit ihr verbunden sind, um bestimmte Arten von Inhalten zu verwalten. Dabei handelt es sich in der Regel um Bilder, T\u00f6ne, Links oder andere Elemente, die sich au\u00dferhalb der besuchten Website befinden.<\/p><h4><b>Beschreibung, wie Sie der Installation von Cookies zustimmen k\u00f6nnen<\/b><\/h4><p>Wenn Sie diese Website zum ersten Mal aufrufen, finden Sie ein Banner mit einem kurzen Informationsblatt, das einen Link zu diesem erweiterten Informationsblatt enth\u00e4lt. In diesem erweiterten Hinweis findet der Benutzer weitere Informationen \u00fcber die Beschreibung und die Merkmale der verschiedenen Kategorien von Cookies, die vom Controller und von Dritten installiert werden, und er hat die M\u00f6glichkeit, selbst zu entscheiden, welche der Cookies er zulassen m\u00f6chte. Die Verwendung von technischen Cookies erfordert nicht die Zustimmung des Benutzers. F\u00fcr andere Cookies ist jedoch eine Zustimmung erforderlich. In jedem Fall k\u00f6nnen Sie Ihre Cookie-Pr\u00e4ferenzen jederzeit \u00e4ndern, auch indem Sie Ihre Zustimmung zur Verwendung von Cookies (einschlie\u00dflich der von Dritten installierten Cookies) auf der Website verweigern.<\/p>\t\t\t\t\t\t\t\t<\/div>\n\t\t\t\t<\/div>\n\t\t\t\t<div class=\"elementor-element elementor-element-ddb5743 elementor-widget elementor-widget-html\" data-id=\"ddb5743\" data-element_type=\"widget\" data-e-type=\"widget\" data-widget_type=\"html.default\">\n\t\t\t\t<div class=\"elementor-widget-container\">\n\t\t\t\t\t<script>document.addEventListener(\"DOMContentLoaded\", function() {\n    function copyCookieYesContent() {\n        var cookieYesContent = document.querySelector('.cky-accordion-wrapper');\n        var myContainer = document.getElementById('cookie_utilizzati');\n\n        if (cookieYesContent && myContainer) {\n            \/\/ Copia il contenuto HTML\n            myContainer.innerHTML = cookieYesContent.innerHTML;\n\n            \/\/ Rimuovi gli elementi con le classi specificate\n            var classesToRemove = ['.cky-switch', '.cky-always-active', '.cky-accordion-header-des'];\n            classesToRemove.forEach(function(className) {\n                var elements = myContainer.querySelectorAll(className);\n                elements.forEach(function(element) {\n                    element.parentNode.removeChild(element);\n                });\n            });\n\n            \/\/ Mostra gli elementi con classe .cky-accordion-body\n            var accordionBodies = myContainer.querySelectorAll('.cky-accordion-body');\n            accordionBodies.forEach(function(element) {\n                element.style.display = 'block';\n            });\n        } else {\n            \/\/ Riprova dopo un breve ritardo se gli elementi non sono ancora disponibili\n            setTimeout(copyCookieYesContent, 500);\n        }\n    }\n\n    copyCookieYesContent();\n});\n<\/script>\t\t\t\t<\/div>\n\t\t\t\t<\/div>\n\t\t\t\t<div class=\"elementor-element elementor-element-1913031 elementor-widget elementor-widget-n-accordion\" data-id=\"1913031\" data-element_type=\"widget\" data-e-type=\"widget\" data-settings=\"{&quot;default_state&quot;:&quot;all_collapsed&quot;,&quot;max_items_expended&quot;:&quot;one&quot;,&quot;n_accordion_animation_duration&quot;:{&quot;unit&quot;:&quot;ms&quot;,&quot;size&quot;:400,&quot;sizes&quot;:[]}}\" data-widget_type=\"nested-accordion.default\">\n\t\t\t\t<div class=\"elementor-widget-container\">\n\t\t\t\t\t\t\t<div class=\"e-n-accordion\" aria-label=\"Accordion. Open links with Enter or Space, close with Escape, and navigate with Arrow Keys\">\n\t\t\t\t\t\t<details id=\"e-n-accordion-item-2620\" class=\"e-n-accordion-item\" >\n\t\t\t\t<summary class=\"e-n-accordion-item-title\" data-accordion-index=\"1\" tabindex=\"0\" aria-expanded=\"false\" aria-controls=\"e-n-accordion-item-2620\" >\n\t\t\t\t\t<span class='e-n-accordion-item-title-header'><div class=\"e-n-accordion-item-title-text\"> Auf dieser Website verwendete Cookies <\/div><\/span>\n\t\t\t\t\t\t\t<span class='e-n-accordion-item-title-icon'>\n\t\t\t<span class='e-opened' ><svg aria-hidden=\"true\" class=\"e-font-icon-svg e-fas-minus\" viewBox=\"0 0 448 512\" xmlns=\"http:\/\/www.w3.org\/2000\/svg\"><path d=\"M416 208H32c-17.67 0-32 14.33-32 32v32c0 17.67 14.33 32 32 32h384c17.67 0 32-14.33 32-32v-32c0-17.67-14.33-32-32-32z\"><\/path><\/svg><\/span>\n\t\t\t<span class='e-closed'><svg aria-hidden=\"true\" class=\"e-font-icon-svg e-fas-plus\" viewBox=\"0 0 448 512\" xmlns=\"http:\/\/www.w3.org\/2000\/svg\"><path d=\"M416 208H272V64c0-17.67-14.33-32-32-32h-32c-17.67 0-32 14.33-32 32v144H32c-17.67 0-32 14.33-32 32v32c0 17.67 14.33 32 32 32h144v144c0 17.67 14.33 32 32 32h32c17.67 0 32-14.33 32-32V304h144c17.67 0 32-14.33 32-32v-32c0-17.67-14.33-32-32-32z\"><\/path><\/svg><\/span>\n\t\t<\/span>\n\n\t\t\t\t\t\t<\/summary>\n\t\t\t\t<div role=\"region\" aria-labelledby=\"e-n-accordion-item-2620\" class=\"elementor-element elementor-element-257281e e-con-full e-flex e-con e-child\" data-id=\"257281e\" data-element_type=\"container\" data-e-type=\"container\" id=\"cookie_utilizzati\">\n\t\t\t\t<\/div>\n\t\t\t\t\t<\/details>\n\t\t\t\t\t<\/div>\n\t\t\t\t\t\t<\/div>\n\t\t\t\t<\/div>\n\t\t\t\t<div class=\"elementor-element elementor-element-8e8716a elementor-widget elementor-widget-text-editor\" data-id=\"8e8716a\" data-element_type=\"widget\" data-e-type=\"widget\" data-widget_type=\"text-editor.default\">\n\t\t\t\t<div class=\"elementor-widget-container\">\n\t\t\t\t\t\t\t\t\t<h4><strong>Aktualisierungen der Cookie-Richtlinie<\/strong><\/h4><p>Wir behalten uns das Recht vor, \u00c4nderungen an dieser Cookie-Richtlinie vorzunehmen. Wir laden Sie daher ein, diese Seite regelm\u00e4\u00dfig zu konsultieren, um sich \u00fcber etwaige \u00c4nderungen zu informieren.<\/p><h4><strong>Kontakt<\/strong><\/h4><p>Wenn Sie Informationen oder Fragen zu dieser Cookie-Richtlinie haben, kontaktieren Sie uns bitte per E-Mail:<\/p><p><strong><a rel=\"noopener\">info.marognole@libero.it<\/a><\/strong><\/p><hr><p><em>Zuletzt aktualisiert: 11. M\u00e4rz 2025<\/em><\/p>\t\t\t\t\t\t\t\t<\/div>\n\t\t\t\t<\/div>\n\t\t\t\t\t<\/div>\n\t\t\t\t<\/div>\n\t\t\t\t<\/div>\n\t\t","protected":false},"excerpt":{"rendered":"<p>Cookie-Richtlinie von Agriturismo Le Marognole Diese Website verwendet Cookies, um die korrekte Nutzung der Website und ein besseres Surferlebnis f\u00fcr den Benutzer zu gew\u00e4hrleisten. Was sind Cookies? Cookies sind kleine Textdateien, die vom Server der von Ihnen besuchten Website auf den Endger\u00e4ten der Benutzer gespeichert werden. Sie enthalten Informationen \u00fcber die Navigation des Benutzers, die [&hellip;]<\/p>\n","protected":false},"author":1,"featured_media":0,"parent":0,"menu_order":0,"comment_status":"closed","ping_status":"closed","template":"","meta":{"_acf_changed":false,"footnotes":""},"class_list":["post-436","page","type-page","status-publish","hentry"],"acf":[],"aioseo_notices":[],"_links":{"self":[{"href":"https:\/\/marognole.it\/de\/wp-json\/wp\/v2\/pages\/436","targetHints":{"allow":["GET"]}}],"collection":[{"href":"https:\/\/marognole.it\/de\/wp-json\/wp\/v2\/pages"}],"about":[{"href":"https:\/\/marognole.it\/de\/wp-json\/wp\/v2\/types\/page"}],"author":[{"embeddable":true,"href":"https:\/\/marognole.it\/de\/wp-json\/wp\/v2\/users\/1"}],"replies":[{"embeddable":true,"href":"https:\/\/marognole.it\/de\/wp-json\/wp\/v2\/comments?post=436"}],"version-history":[{"count":1,"href":"https:\/\/marognole.it\/de\/wp-json\/wp\/v2\/pages\/436\/revisions"}],"predecessor-version":[{"id":437,"href":"https:\/\/marognole.it\/de\/wp-json\/wp\/v2\/pages\/436\/revisions\/437"}],"wp:attachment":[{"href":"https:\/\/marognole.it\/de\/wp-json\/wp\/v2\/media?parent=436"}],"curies":[{"name":"wp","href":"https:\/\/api.w.org\/{rel}","templated":true}]}}